{"id":2132,"date":"2023-05-17T15:35:17","date_gmt":"2023-05-17T15:35:17","guid":{"rendered":"https:\/\/ipnj.ar\/?page_id=2132"},"modified":"2023-05-17T15:41:43","modified_gmt":"2023-05-17T15:41:43","slug":"instituto-biblico-plan-de-estudios","status":"publish","type":"page","link":"https:\/\/ipnj.ar\/index.php\/instituto-biblico-plan-de-estudios\/","title":{"rendered":"Instituto B\u00edblico-Plan de Estudios"},"content":{"rendered":"\t\t<div data-elementor-type=\"wp-page\" data-elementor-id=\"2132\" class=\"elementor elementor-2132\" data-elementor-post-type=\"page\">\n\t\t\t\t\t\t<section class=\"elementor-section elementor-top-section elementor-element elementor-element-5c590a9 elementor-section-full_width elementor-section-height-min-height elementor-section-height-default elementor-section-items-middle\" data-id=\"5c590a9\" data-element_type=\"section\" data-e-type=\"section\" data-settings=\"{&quot;background_background&quot;:&quot;classic&quot;}\">\n\t\t\t\t\t\t\t<div class=\"elementor-background-overlay\"><\/div>\n\t\t\t\t\t\t\t<div class=\"elementor-container elementor-column-gap-default\">\n\t\t\t\t\t<div class=\"elementor-column elementor-col-100 elementor-top-column elementor-element elementor-element-fc93438\" data-id=\"fc93438\" data-element_type=\"column\" data-e-type=\"column\">\n\t\t\t<div class=\"elementor-widget-wrap elementor-element-populated\">\n\t\t\t\t\t\t<div class=\"elementor-element elementor-element-c49584c elementor-widget elementor-widget-heading\" data-id=\"c49584c\" data-element_type=\"widget\" data-e-type=\"widget\" data-widget_type=\"heading.default\">\n\t\t\t\t<div class=\"elementor-widget-container\">\n\t\t\t\t\t<h1 class=\"elementor-heading-title elementor-size-default\">INSTITUTO B\u00cdBLICO<\/h1>\t\t\t\t<\/div>\n\t\t\t\t<\/div>\n\t\t\t\t\t<\/div>\n\t\t<\/div>\n\t\t\t\t\t<\/div>\n\t\t<\/section>\n\t\t\t\t<section class=\"elementor-section elementor-top-section elementor-element elementor-element-w2ogt1y elementor-section-boxed elementor-section-height-default elementor-section-height-default\" data-id=\"w2ogt1y\" data-element_type=\"section\" data-e-type=\"section\" data-settings=\"{&quot;background_background&quot;:&quot;classic&quot;}\">\n\t\t\t\t\t\t<div class=\"elementor-container elementor-column-gap-no\">\n\t\t\t\t\t<div class=\"elementor-column elementor-col-100 elementor-top-column elementor-element elementor-element-fe14cce\" data-id=\"fe14cce\" data-element_type=\"column\" data-e-type=\"column\">\n\t\t\t<div class=\"elementor-widget-wrap elementor-element-populated\">\n\t\t\t\t\t\t<div class=\"elementor-element elementor-element-ac60644 elementor-widget elementor-widget-heading\" data-id=\"ac60644\" data-element_type=\"widget\" data-e-type=\"widget\" data-widget_type=\"heading.default\">\n\t\t\t\t<div class=\"elementor-widget-container\">\n\t\t\t\t\t<h1 class=\"elementor-heading-title elementor-size-default\">PENSUM<\/h1>\t\t\t\t<\/div>\n\t\t\t\t<\/div>\n\t\t\t\t<section class=\"elementor-section elementor-inner-section elementor-element elementor-element-e5618a4 elementor-section-boxed elementor-section-height-default elementor-section-height-default\" data-id=\"e5618a4\" data-element_type=\"section\" data-e-type=\"section\">\n\t\t\t\t\t\t<div class=\"elementor-container elementor-column-gap-default\">\n\t\t\t\t\t<div class=\"elementor-column elementor-col-50 elementor-inner-column elementor-element elementor-element-468ecaa\" data-id=\"468ecaa\" data-element_type=\"column\" data-e-type=\"column\">\n\t\t\t<div class=\"elementor-widget-wrap elementor-element-populated\">\n\t\t\t\t\t\t<div class=\"elementor-element elementor-element-3142ef1 elementor-widget__width-initial elementor-widget elementor-widget-text-editor\" data-id=\"3142ef1\" data-element_type=\"widget\" data-e-type=\"widget\" data-widget_type=\"text-editor.default\">\n\t\t\t\t<div class=\"elementor-widget-container\">\n\t\t\t\t\t\t\t\t\t<h3><strong>1\u00b0 A\u00d1O<\/strong><\/h3><h3>1\u00b0 Cuatrimestre (Marzo-Junio)<\/h3><ul><li>T\u00e9cnicas de Estudio<\/li><li>Introducci\u00f3n a la Biblia<\/li><li>\u00c9tica B\u00edblica<\/li><li>Introducci\u00f3n a la Teolog\u00eda<\/li><li>Pedagog\u00eda<\/li><li>Doctrina: Soteriolog\u00eda<\/li><li>Vocaci\u00f3n y Ministerio<\/li><\/ul><h3>2\u00b0 Cuatrimestre (Julio-Octubre)<\/h3><ul><li>Homil\u00e9tica I<\/li><li>Vida Cristiana<\/li><li>Hermen\u00e9utica y Exegesis<\/li><li>An\u00e1lisis de Religiones<\/li><li>Doctrina: Eclesiolog\u00eda<\/li><li>Elementos de Administraci\u00f3n<\/li><li>Evangelismo<\/li><\/ul>\t\t\t\t\t\t\t\t<\/div>\n\t\t\t\t<\/div>\n\t\t\t\t\t<\/div>\n\t\t<\/div>\n\t\t\t\t<div class=\"elementor-column elementor-col-50 elementor-inner-column elementor-element elementor-element-1d350ca\" data-id=\"1d350ca\" data-element_type=\"column\" data-e-type=\"column\">\n\t\t\t<div class=\"elementor-widget-wrap elementor-element-populated\">\n\t\t\t\t\t\t<div class=\"elementor-element elementor-element-ad882cf elementor-widget__width-initial elementor-widget elementor-widget-text-editor\" data-id=\"ad882cf\" data-element_type=\"widget\" data-e-type=\"widget\" data-widget_type=\"text-editor.default\">\n\t\t\t\t<div class=\"elementor-widget-container\">\n\t\t\t\t\t\t\t\t\t<h3><strong style=\"color: var(--ast-global-color-2); font-size: 1.1875rem; font-style: inherit;\">2\u00b0 A\u00d1O<\/strong><\/h3><h3>3\u00b0 Cuatrimestre (Marzo-Junio)<\/h3><ul><li>Doctrina: El Nombre de Dios<\/li><li>Antiguo Testamento I<\/li><li>Antiguo Testamento II<\/li><li>Misionolog\u00eda<\/li><li>El Monote\u00edsmo<\/li><li>Liderazgo y Talento Musical<\/li><li>Homil\u00e9tica II<\/li><\/ul><h3>4\u00b0 Cuatrimestre (Julio-Octubre)<\/h3><ul><li>Doctrina: Pneumatolog\u00eda<\/li><li>Nuevo Testamento I<\/li><li>Nuevo Testamento II<\/li><li>Geograf\u00eda B\u00edblica<\/li><li>Educaci\u00f3n Cristiana<\/li><li>Psicolog\u00eda<\/li><li>Doctrina: Escatolog\u00eda<\/li><\/ul>\t\t\t\t\t\t\t\t<\/div>\n\t\t\t\t<\/div>\n\t\t\t\t\t<\/div>\n\t\t<\/div>\n\t\t\t\t\t<\/div>\n\t\t<\/section>\n\t\t\t\t\t<\/div>\n\t\t<\/div>\n\t\t\t\t\t<\/div>\n\t\t<\/section>\n\t\t\t\t<\/div>\n\t\t","protected":false},"excerpt":{"rendered":"<p>INSTITUTO B\u00cdBLICO PENSUM 1\u00b0 A\u00d1O 1\u00b0 Cuatrimestre (Marzo-Junio) T\u00e9cnicas de Estudio Introducci\u00f3n a la Biblia \u00c9tica B\u00edblica Introducci\u00f3n a la Teolog\u00eda Pedagog\u00eda Doctrina: Soteriolog\u00eda Vocaci\u00f3n y Ministerio 2\u00b0 Cuatrimestre (Julio-Octubre) Homil\u00e9tica I Vida Cristiana Hermen\u00e9utica y Exegesis An\u00e1lisis de Religiones Doctrina: Eclesiolog\u00eda Elementos de Administraci\u00f3n Evangelismo 2\u00b0 A\u00d1O 3\u00b0 Cuatrimestre (Marzo-Junio) Doctrina: El Nombre de [&hellip;]<\/p>\n","protected":false},"author":1,"featured_media":0,"parent":0,"menu_order":0,"comment_status":"closed","ping_status":"closed","template":"","meta":{"site-sidebar-layout":"no-sidebar","site-content-layout":"page-builder","ast-site-content-layout":"default","site-content-style":"default","site-sidebar-style":"default","ast-global-header-display":"","ast-banner-title-visibility":"","ast-main-header-display":"","ast-hfb-above-header-display":"","ast-hfb-below-header-display":"","ast-hfb-mobile-header-display":"","site-post-title":"disabled","ast-breadcrumbs-content":"","ast-featured-img":"disabled","footer-sml-layout":"","ast-disable-related-posts":"","theme-transparent-header-meta":"","adv-header-id-meta":"","stick-header-meta":"","header-above-stick-meta":"","header-main-stick-meta":"","header-below-stick-meta":"","astra-migrate-meta-layouts":"default","ast-page-background-enabled":"default","ast-page-background-meta":{"desktop":{"background-color":"var(--ast-global-color-4)","background-image":"","background-repeat":"repeat","background-position":"center center","background-size":"auto","background-attachment":"scroll","background-type":"","background-media":"","overlay-type":"","overlay-color":"","overlay-opacity":"","overlay-gradient":""},"tablet":{"background-color":"","background-image":"","background-repeat":"repeat","background-position":"center center","background-size":"auto","background-attachment":"scroll","background-type":"","background-media":"","overlay-type":"","overlay-color":"","overlay-opacity":"","overlay-gradient":""},"mobile":{"background-color":"","background-image":"","background-repeat":"repeat","background-position":"center center","background-size":"auto","background-attachment":"scroll","background-type":"","background-media":"","overlay-type":"","overlay-color":"","overlay-opacity":"","overlay-gradient":""}},"ast-content-background-meta":{"desktop":{"background-color":"var(--ast-global-color-5)","background-image":"","background-repeat":"repeat","background-position":"center center","background-size":"auto","background-attachment":"scroll","background-type":"","background-media":"","overlay-type":"","overlay-color":"","overlay-opacity":"","overlay-gradient":""},"tablet":{"background-color":"var(--ast-global-color-5)","background-image":"","background-repeat":"repeat","background-position":"center center","background-size":"auto","background-attachment":"scroll","background-type":"","background-media":"","overlay-type":"","overlay-color":"","overlay-opacity":"","overlay-gradient":""},"mobile":{"background-color":"var(--ast-global-color-5)","background-image":"","background-repeat":"repeat","background-position":"center center","background-size":"auto","background-attachment":"scroll","background-type":"","background-media":"","overlay-type":"","overlay-color":"","overlay-opacity":"","overlay-gradient":""}},"footnotes":""},"class_list":["post-2132","page","type-page","status-publish","hentry"],"_links":{"self":[{"href":"https:\/\/ipnj.ar\/index.php\/wp-json\/wp\/v2\/pages\/2132","targetHints":{"allow":["GET"]}}],"collection":[{"href":"https:\/\/ipnj.ar\/index.php\/wp-json\/wp\/v2\/pages"}],"about":[{"href":"https:\/\/ipnj.ar\/index.php\/wp-json\/wp\/v2\/types\/page"}],"author":[{"embeddable":true,"href":"https:\/\/ipnj.ar\/index.php\/wp-json\/wp\/v2\/users\/1"}],"replies":[{"embeddable":true,"href":"https:\/\/ipnj.ar\/index.php\/wp-json\/wp\/v2\/comments?post=2132"}],"version-history":[{"count":17,"href":"https:\/\/ipnj.ar\/index.php\/wp-json\/wp\/v2\/pages\/2132\/revisions"}],"predecessor-version":[{"id":2149,"href":"https:\/\/ipnj.ar\/index.php\/wp-json\/wp\/v2\/pages\/2132\/revisions\/2149"}],"wp:attachment":[{"href":"https:\/\/ipnj.ar\/index.php\/wp-json\/wp\/v2\/media?parent=2132"}],"curies":[{"name":"wp","href":"https:\/\/api.w.org\/{rel}","templated":true}]}}